{"id":42,"date":"2026-05-10T14:53:05","date_gmt":"2026-05-10T17:53:05","guid":{"rendered":"https:\/\/cassiolombardi.com.br\/index.php\/discover-modern-and-affordable-home-2\/"},"modified":"2026-05-10T17:15:06","modified_gmt":"2026-05-10T20:15:06","slug":"discover-modern-and-affordable-home-2","status":"publish","type":"page","link":"https:\/\/cassiolombardi.com.br\/index.php\/discover-modern-and-affordable-home-2\/","title":{"rendered":"Os melhores Im\u00f3veis de S\u00e3o Jo\u00e3o del Rei"},"content":{"rendered":"<p>S\u00e3o Jo\u00e3o del Rei e Regi\u00e3o !<\/p>\n","protected":false},"excerpt":{"rendered":"<p>S\u00e3o Jo\u00e3o del Rei e Regi\u00e3o !<\/p>\n","protected":false},"author":1,"featured_media":90,"parent":0,"menu_order":0,"comment_status":"closed","ping_status":"closed","template":"","meta":{"footnotes":""},"class_list":["post-42","page","type-page","status-publish","has-post-thumbnail","hentry"],"_links":{"self":[{"href":"https:\/\/cassiolombardi.com.br\/index.php\/wp-json\/wp\/v2\/pages\/42","targetHints":{"allow":["GET"]}}],"collection":[{"href":"https:\/\/cassiolombardi.com.br\/index.php\/wp-json\/wp\/v2\/pages"}],"about":[{"href":"https:\/\/cassiolombardi.com.br\/index.php\/wp-json\/wp\/v2\/types\/page"}],"author":[{"embeddable":true,"href":"https:\/\/cassiolombardi.com.br\/index.php\/wp-json\/wp\/v2\/users\/1"}],"replies":[{"embeddable":true,"href":"https:\/\/cassiolombardi.com.br\/index.php\/wp-json\/wp\/v2\/comments?post=42"}],"version-history":[{"count":3,"href":"https:\/\/cassiolombardi.com.br\/index.php\/wp-json\/wp\/v2\/pages\/42\/revisions"}],"predecessor-version":[{"id":115,"href":"https:\/\/cassiolombardi.com.br\/index.php\/wp-json\/wp\/v2\/pages\/42\/revisions\/115"}],"wp:featuredmedia":[{"embeddable":true,"href":"https:\/\/cassiolombardi.com.br\/index.php\/wp-json\/wp\/v2\/media\/90"}],"wp:attachment":[{"href":"https:\/\/cassiolombardi.com.br\/index.php\/wp-json\/wp\/v2\/media?parent=42"}],"curies":[{"name":"wp","href":"https:\/\/api.w.org\/{rel}","templated":true}]}}