{"id":40,"date":"2026-05-10T14:53:03","date_gmt":"2026-05-10T17:53:03","guid":{"rendered":"https:\/\/cassiolombardi.com.br\/index.php\/discover-modern-and-affordable-home\/"},"modified":"2026-05-10T15:13:02","modified_gmt":"2026-05-10T18:13:02","slug":"cassio-lombardi","status":"publish","type":"page","link":"https:\/\/cassiolombardi.com.br\/index.php\/cassio-lombardi\/","title":{"rendered":"Cassio Lombardi Corretor de Im\u00f3veis"},"content":{"rendered":"<p>Venda e Loca\u00e7\u00e3o de Im\u00f3veis em S\u00e3o Jo\u00e3o del Rei -MG e Regi\u00e3o !<\/p>\n","protected":false},"excerpt":{"rendered":"<p>Venda e Loca\u00e7\u00e3o de Im\u00f3veis em S\u00e3o Jo\u00e3o del Rei -MG e Regi\u00e3o !<\/p>\n","protected":false},"author":1,"featured_media":79,"parent":0,"menu_order":0,"comment_status":"closed","ping_status":"closed","template":"","meta":{"footnotes":""},"class_list":["post-40","page","type-page","status-publish","has-post-thumbnail","hentry"],"_links":{"self":[{"href":"https:\/\/cassiolombardi.com.br\/index.php\/wp-json\/wp\/v2\/pages\/40","targetHints":{"allow":["GET"]}}],"collection":[{"href":"https:\/\/cassiolombardi.com.br\/index.php\/wp-json\/wp\/v2\/pages"}],"about":[{"href":"https:\/\/cassiolombardi.com.br\/index.php\/wp-json\/wp\/v2\/types\/page"}],"author":[{"embeddable":true,"href":"https:\/\/cassiolombardi.com.br\/index.php\/wp-json\/wp\/v2\/users\/1"}],"replies":[{"embeddable":true,"href":"https:\/\/cassiolombardi.com.br\/index.php\/wp-json\/wp\/v2\/comments?post=40"}],"version-history":[{"count":2,"href":"https:\/\/cassiolombardi.com.br\/index.php\/wp-json\/wp\/v2\/pages\/40\/revisions"}],"predecessor-version":[{"id":76,"href":"https:\/\/cassiolombardi.com.br\/index.php\/wp-json\/wp\/v2\/pages\/40\/revisions\/76"}],"wp:featuredmedia":[{"embeddable":true,"href":"https:\/\/cassiolombardi.com.br\/index.php\/wp-json\/wp\/v2\/media\/79"}],"wp:attachment":[{"href":"https:\/\/cassiolombardi.com.br\/index.php\/wp-json\/wp\/v2\/media?parent=40"}],"curies":[{"name":"wp","href":"https:\/\/api.w.org\/{rel}","templated":true}]}}